{"id":396,"date":"2013-01-15T11:10:21","date_gmt":"2013-01-15T10:10:21","guid":{"rendered":"http:\/\/headingeast.de\/?page_id=396"},"modified":"2013-03-08T13:02:03","modified_gmt":"2013-03-08T12:02:03","slug":"klim","status":"publish","type":"page","link":"http:\/\/headingeast.de\/de\/gear\/klim\/","title":{"rendered":"KLIM"},"content":{"rendered":"<img loading=\"lazy\" class=\"alignright  wp-image-960\" title=\"Adventure Rally Jacket - front\" alt=\"\" src=\"http:\/\/headingeast.de\/wp-content\/uploads\/2013\/01\/Adventure-Rally-Jacket-front-754x768.jpg\" width=\"452\" height=\"461\" srcset=\"http:\/\/headingeast.de\/wp-content\/uploads\/2013\/01\/Adventure-Rally-Jacket-front-754x768.jpg 754w, http:\/\/headingeast.de\/wp-content\/uploads\/2013\/01\/Adventure-Rally-Jacket-front-294x300.jpg 294w, http:\/\/headingeast.de\/wp-content\/uploads\/2013\/01\/Adventure-Rally-Jacket-front.jpg 982w\" sizes=\"(max-width: 452px) 100vw, 452px\" \/><\/p>\n<p style=\"text-align: justify;\"><strong>KLIM Adventure Rally Jacke und Hose<\/strong><\/p>\n<p style=\"text-align: justify;\">Der KLIM Adventury Rally Anzug ist einer der am weitest entwickelten Motorradanz\u00fcge auf dem Markt. Den Anzug zieren eine ganze Reihe von Funktionen. Er ist designed worden, um den Fahrer in jeglichem Terrain und bei allen Wetterbedingungen ausreichend zu sch\u00fctzen.<\/p>\n<p style=\"text-align: justify;\">Einer der Gr\u00fcnde, warum ich mich f\u00fcr den Adventure Rally von KLIM entschieden habe, ist die au\u00dfen liegende GORE-TEX<sup>\u00ae <\/sup>Membran, welche es verhindert, dass sich Jacke und Hose bei starkem Regen vollsaugen. Das ist ein beachtlicher Unterschied zu vielen anderen Produkten auf dem Markt, wo die atmungsaktive Membran auf der Innenseite des Anzugs sitzt.<\/p>\n<p style=\"text-align: justify;\">Die Jacke verf\u00fcgt zudem \u00fcber ein integriertes Tragegurt-System zur optimalen Gewichtsverteilung und ein integriertes 3-Liter-Trinksystem.<\/p>\n<p style=\"text-align: justify;\">Diesen Anzug f\u00fcr die Reise zu beschaffen, war eine Mission f\u00fcr sich, da der Markt weitestgehend leergefegt war. Daher geht mein besonderer Dank an Jens Scharphuis vom <strong><a href=\"http:\/\/www.offroad-kontor.de\/\" target=\"_blank\">Offroad-Kontor<\/a><\/strong> in Deutschland. Ohne seine Unterst\u00fctzung w\u00fcrde ich den Anzug heute nicht tragen.<\/p>\n<p>Lerne mehr \u00fcber <a href=\"http:\/\/www.klim.com\/en-us\" target=\"_blank\"><strong>KLIM<\/strong><\/a><\/p>\n<div id=\"jig1\" class=\"justified-image-grid jig-77913bdf0c1760ac94347fdbc31796ed jig-preset-15 jig-source-nextgen\"><div class=\"jig-clearfix\"><\/div><noscript id=\"jig1-html\" class=\"justified-image-grid-html\" data-lazy-src=\"skiplazyload\" data-src=\"skipunveillazyload\"><ul><li><a href=\"http:\/\/headingeast.de\/wp-content\/gallery\/adventure-rally-pant-back\/adventure-rally-jacket-front.jpg\"><img src=\"http:\/\/headingeast.de\/wp-content\/plugins\/justified-image-grid\/timthumb.php?src=http%3A%2F%2Fheadingeast.de%2Fwp-content%2Fgallery%2Fadventure-rally-pant-back%2Fadventure-rally-jacket-front.jpg&amp;h=140&amp;q=90&amp;f=.jpg\" alt=\"adventure-rally-jacket-front\" width=\"140\" height=\"140\" \/><\/a><p class=\"jig-HTMLdescription\">adventure-rally-jacket-front<\/p><\/li><li><a href=\"http:\/\/headingeast.de\/wp-content\/gallery\/adventure-rally-pant-back\/adventure-rally-jacket-back.jpg\"><img src=\"http:\/\/headingeast.de\/wp-content\/plugins\/justified-image-grid\/timthumb.php?src=http%3A%2F%2Fheadingeast.de%2Fwp-content%2Fgallery%2Fadventure-rally-pant-back%2Fadventure-rally-jacket-back.jpg&amp;h=140&amp;q=90&amp;f=.jpg\" alt=\"adventure-rally-jacket-back\" width=\"140\" height=\"140\" \/><\/a><p class=\"jig-HTMLdescription\">adventure-rally-jacket-back<\/p><\/li><li><a href=\"http:\/\/headingeast.de\/wp-content\/gallery\/adventure-rally-pant-back\/adventure-rally-pants.jpg\"><img src=\"http:\/\/headingeast.de\/wp-content\/plugins\/justified-image-grid\/timthumb.php?src=http%3A%2F%2Fheadingeast.de%2Fwp-content%2Fgallery%2Fadventure-rally-pant-back%2Fadventure-rally-pants.jpg&amp;h=140&amp;q=90&amp;f=.jpg\" alt=\"adventure-rally-pants\" width=\"140\" height=\"140\" \/><\/a><p class=\"jig-HTMLdescription\">adventure-rally-pants<\/p><\/li><\/ul><\/noscript><\/div><span style=\"color: #ffffff;\">_<\/span><\/p>\n<div class=\"clear\"><\/div><a class=\" small-dark-button align-btn-left\" href=\"http:\/\/headingeast.de\/de\/gear\/\" title=\"Cool Button\"><span>Ausr\u00fcstung<\/span><\/a><div class=\"clear\"><\/div>","protected":false},"excerpt":{"rendered":"<p>KLIM Adventure Rally Jacke und Hose Der KLIM Adventury Rally Anzug ist einer der am weitest entwickelten Motorradanz\u00fcge auf dem Markt. Den Anzug zieren eine ganze Reihe von Funktionen. Er ist designed worden, um den Fahrer in jeglichem Terrain und bei allen Wetterbedingungen ausreichend zu sch\u00fctzen. Einer der Gr\u00fcnde, warum ich mich f\u00fcr den Adventure Rally von KLIM entschieden habe, ist die au\u00dfen liegende GORE-TEX\u00ae Membran, welche es verhindert, dass sich Jacke und Hose bei<\/p>\n","protected":false},"author":1,"featured_media":0,"parent":91,"menu_order":0,"comment_status":"open","ping_status":"open","template":"page-FullWidth.php","meta":{"ngg_post_thumbnail":0},"_links":{"self":[{"href":"http:\/\/headingeast.de\/de\/wp-json\/wp\/v2\/pages\/396"}],"collection":[{"href":"http:\/\/headingeast.de\/de\/wp-json\/wp\/v2\/pages"}],"about":[{"href":"http:\/\/headingeast.de\/de\/wp-json\/wp\/v2\/types\/page"}],"author":[{"embeddable":true,"href":"http:\/\/headingeast.de\/de\/wp-json\/wp\/v2\/users\/1"}],"replies":[{"embeddable":true,"href":"http:\/\/headingeast.de\/de\/wp-json\/wp\/v2\/comments?post=396"}],"version-history":[{"count":80,"href":"http:\/\/headingeast.de\/de\/wp-json\/wp\/v2\/pages\/396\/revisions"}],"predecessor-version":[{"id":404,"href":"http:\/\/headingeast.de\/de\/wp-json\/wp\/v2\/pages\/396\/revisions\/404"}],"up":[{"embeddable":true,"href":"http:\/\/headingeast.de\/de\/wp-json\/wp\/v2\/pages\/91"}],"wp:attachment":[{"href":"http:\/\/headingeast.de\/de\/wp-json\/wp\/v2\/media?parent=396"}],"curies":[{"name":"wp","href":"https:\/\/api.w.org\/{rel}","templated":true}]}}