{"id":91,"date":"2013-01-05T20:10:43","date_gmt":"2013-01-05T19:10:43","guid":{"rendered":"http:\/\/headingeast.de\/?page_id=91"},"modified":"2013-03-08T13:15:47","modified_gmt":"2013-03-08T12:15:47","slug":"gear","status":"publish","type":"page","link":"http:\/\/headingeast.de\/de\/gear\/","title":{"rendered":"Ausr\u00fcstung"},"content":{"rendered":"<h3>Die Wahl der richtigen Ausr\u00fcstung<\/h3>\n<p><strong><span style=\"color: #800000;\">Eine solche Reise erfordert eine gewisse Ausr\u00fcstung &#8211; einige Eckpfeiler aus meinem Paket im \u00dcberblick.<\/span><\/strong><\/p>\n<p style=\"text-align: justify;\">Sicherzustellen, dass man verl\u00e4ssliches Equipment dabei hat ist nicht unwichtig. Dennoch, selbst das beste Motorrad und hoch qualitative Ausr\u00fcstung helfen wenig, wenn man nicht die Kraft hat, das Bike wieder aufzurichten, wenn es umf\u00e4llt.\u00a0 Ebenso sollte man \u00fcber die physische Kondition verf\u00fcgen, ein solches Vorhaben auch zu Ende zu f\u00fchren.<\/p>\n<p>Zugegeben, viele Menschen f\u00fchren heute ein eher\u00a0 inaktives Leben und sind entsprechend aus der Form &#8211; teilweise freiwillig, teilweise bedingt durch Verpflichtungen in Beruf und Familie. M\u00f6chte man allerdings eine solche Reise in vollen Z\u00fcgen genie\u00dfen, ist es ratsam, sich auch physisch darauf vorzubereiten. Auch bei sorgf\u00e4ltig gew\u00e4hlter Ausr\u00fcstung bleibt man selbst der wichtigste Bestandteil im Paket.","protected":false},"excerpt":{"rendered":"<p>Die Wahl der richtigen Ausr\u00fcstung Eine solche Reise erfordert eine gewisse Ausr\u00fcstung &#8211; einige Eckpfeiler aus meinem Paket im \u00dcberblick. Sicherzustellen, dass man verl\u00e4ssliches Equipment dabei hat ist nicht unwichtig. Dennoch, selbst das beste Motorrad und hoch qualitative Ausr\u00fcstung helfen wenig, wenn man nicht die Kraft hat, das Bike wieder aufzurichten, wenn es umf\u00e4llt.\u00a0 Ebenso sollte man \u00fcber die physische Kondition verf\u00fcgen, ein solches Vorhaben auch zu Ende zu f\u00fchren. Zugegeben, viele Menschen f\u00fchren heute<\/p>\n","protected":false},"author":1,"featured_media":0,"parent":0,"menu_order":0,"comment_status":"closed","ping_status":"open","template":"page-Portfolio3ColSortable.php","meta":{"ngg_post_thumbnail":0},"_links":{"self":[{"href":"http:\/\/headingeast.de\/de\/wp-json\/wp\/v2\/pages\/91"}],"collection":[{"href":"http:\/\/headingeast.de\/de\/wp-json\/wp\/v2\/pages"}],"about":[{"href":"http:\/\/headingeast.de\/de\/wp-json\/wp\/v2\/types\/page"}],"author":[{"embeddable":true,"href":"http:\/\/headingeast.de\/de\/wp-json\/wp\/v2\/users\/1"}],"replies":[{"embeddable":true,"href":"http:\/\/headingeast.de\/de\/wp-json\/wp\/v2\/comments?post=91"}],"version-history":[{"count":74,"href":"http:\/\/headingeast.de\/de\/wp-json\/wp\/v2\/pages\/91\/revisions"}],"predecessor-version":[{"id":162,"href":"http:\/\/headingeast.de\/de\/wp-json\/wp\/v2\/pages\/91\/revisions\/162"}],"wp:attachment":[{"href":"http:\/\/headingeast.de\/de\/wp-json\/wp\/v2\/media?parent=91"}],"curies":[{"name":"wp","href":"https:\/\/api.w.org\/{rel}","templated":true}]}}